{"id":792,"date":"2024-12-02T00:24:50","date_gmt":"2024-12-01T23:24:50","guid":{"rendered":"https:\/\/noviki.home.pl\/NOVIKI\/?page_id=792"},"modified":"2026-03-01T10:40:21","modified_gmt":"2026-03-01T09:40:21","slug":"home-pl","status":"publish","type":"page","link":"https:\/\/futurefragments.online\/","title":{"rendered":"home pl"},"content":{"rendered":"\n<p><\/p>\n\n\n\n<p><strong>Future Fragments<\/strong> to inicjatywa, kt\u00f3ra bada wp\u0142yw technologii na nasz\u0105 przysz\u0142o\u015b\u0107, w tym na to, jak rozumiemy inteligencj\u0119. Dzi\u015b nie jest ju\u017c rozumiana jako sta\u0142a cecha jednostek, lecz jako zjawisko powstaj\u0105ce w relacjach i rozwijaj\u0105ce si\u0119 w interakcjach mi\u0119dzy organizmami, systemami i \u015brodowiskiem. Technologia z kolei nie jest przeciwstawiana naturze, ale stanowi kolejn\u0105 warstw\u0119 globalnego ekosystemu, w kt\u00f3rym \u017cyjemy. Z biegiem czasu, wraz z rozwojem inteligencji i technologii \u2013 zar\u00f3wno w ludzkiej, jak i nieludzkiej postaci \u2013 nasze rozumienie ich roli i wp\u0142ywu na siebie nawzajem musi si\u0119 zmienia\u0107.<\/p>\n\n\n\n<div style=\"height:27px\" aria-hidden=\"true\" class=\"wp-block-spacer\"><\/div>\n\n\n\n<p><strong>Future Fragments <\/strong>to dynamiczna, zdecentralizowana platforma, tworz\u0105ca przestrze\u0144 do spotkania g\u0142os\u00f3w, idei i os\u00f3b z r\u00f3\u017cnych dziedzin, kt\u00f3re wsp\u00f3\u0142tworz\u0105 dyskurs o inteligencji i technologii. Wyk\u0142ady, dyskusje, warsztaty, prezentacje i publikacje w ramach Future Fragments skierowane s\u0105 do wszystkich zainteresowanych zmieniaj\u0105c\u0105 si\u0119 wsp\u00f3\u0142czesno\u015bci\u0105 i nadchodz\u0105c\u0105 przysz\u0142o\u015bci\u0105 \u2013 badaczy, tw\u00f3rc\u00f3w, praktyk\u00f3w i os\u00f3b pragn\u0105cych lepiej zrozumie\u0107, co dzieje si\u0119 na styku technologii i kultury.<\/p>\n\n\n\n<div style=\"height:34px\" aria-hidden=\"true\" class=\"wp-block-spacer\"><\/div>\n\n\n\n<p><\/p>\n","protected":false},"excerpt":{"rendered":"<p>Future Fragments to inicjatywa, kt\u00f3ra bada wp\u0142yw technologii na nasz\u0105 przysz\u0142o\u015b\u0107, w tym na to, jak rozumiemy inteligencj\u0119. Dzi\u015b nie jest ju\u017c rozumiana jako sta\u0142a cecha jednostek, lecz jako zjawisko powstaj\u0105ce w relacjach i rozwijaj\u0105ce si\u0119 w interakcjach mi\u0119dzy organizmami, systemami i \u015brodowiskiem. Technologia z kolei nie jest przeciwstawiana naturze, ale stanowi kolejn\u0105 warstw\u0119 globalnego [&hellip;]<\/p>\n","protected":false},"author":1,"featured_media":0,"parent":0,"menu_order":1,"comment_status":"closed","ping_status":"closed","template":"","meta":{"_acf_changed":false,"footnotes":""},"class_list":["post-792","page","type-page","status-publish","hentry"],"acf":[],"_links":{"self":[{"href":"https:\/\/futurefragments.online\/index.php\/wp-json\/wp\/v2\/pages\/792","targetHints":{"allow":["GET"]}}],"collection":[{"href":"https:\/\/futurefragments.online\/index.php\/wp-json\/wp\/v2\/pages"}],"about":[{"href":"https:\/\/futurefragments.online\/index.php\/wp-json\/wp\/v2\/types\/page"}],"author":[{"embeddable":true,"href":"https:\/\/futurefragments.online\/index.php\/wp-json\/wp\/v2\/users\/1"}],"replies":[{"embeddable":true,"href":"https:\/\/futurefragments.online\/index.php\/wp-json\/wp\/v2\/comments?post=792"}],"version-history":[{"count":20,"href":"https:\/\/futurefragments.online\/index.php\/wp-json\/wp\/v2\/pages\/792\/revisions"}],"predecessor-version":[{"id":1515,"href":"https:\/\/futurefragments.online\/index.php\/wp-json\/wp\/v2\/pages\/792\/revisions\/1515"}],"wp:attachment":[{"href":"https:\/\/futurefragments.online\/index.php\/wp-json\/wp\/v2\/media?parent=792"}],"curies":[{"name":"wp","href":"https:\/\/api.w.org\/{rel}","templated":true}]}}