{"id":1058,"date":"2025-08-27T12:28:42","date_gmt":"2025-08-27T10:28:42","guid":{"rendered":"https:\/\/futurefragments.online\/?page_id=1058"},"modified":"2025-08-27T13:07:24","modified_gmt":"2025-08-27T11:07:24","slug":"wsparcie","status":"publish","type":"page","link":"https:\/\/futurefragments.online\/index.php\/wsparcie\/","title":{"rendered":"Wsparcie"},"content":{"rendered":"\n<p><\/p>\n\n\n\n<p>Dofinansowano ze \u015brodk\u00f3w Ministra Kultury&nbsp;i Dziedzictwa Narodowego w ramach programu w\u0142asnego<em>&nbsp;Centrum Rozwoju Przemys\u0142\u00f3w Kreatywnych:Rozw\u00f3j Sektor\u00f3w Kreatywnych<\/em><br>Zobacz <a href=\"https:\/\/futurefragments.online\/wp-content\/uploads\/2025\/08\/Plakat-informacyjny.pdf\" data-type=\"link\" data-id=\"https:\/\/futurefragments.online\/wp-content\/uploads\/2025\/08\/Plakat-informacyjny.pdf\" target=\"_blank\" rel=\"noreferrer noopener\"><strong>Plakat Informacyjny<\/strong><\/a><\/p>\n\n\n\n<figure class=\"wp-block-image size-full is-resized\"><img loading=\"lazy\" decoding=\"async\" width=\"833\" height=\"167\" src=\"https:\/\/futurefragments.online\/wp-content\/uploads\/2025\/08\/loga.png\" alt=\"\" class=\"wp-image-1079\" style=\"width:529px;height:auto\" srcset=\"https:\/\/futurefragments.online\/wp-content\/uploads\/2025\/08\/loga.png 833w, https:\/\/futurefragments.online\/wp-content\/uploads\/2025\/08\/loga-300x60.png 300w, https:\/\/futurefragments.online\/wp-content\/uploads\/2025\/08\/loga-768x154.png 768w\" sizes=\"auto, (max-width: 833px) 100vw, 833px\" \/><\/figure>\n\n\n\n<p><\/p>\n","protected":false},"excerpt":{"rendered":"<p>Dofinansowano ze \u015brodk\u00f3w Ministra Kultury&nbsp;i Dziedzictwa Narodowego w ramach programu w\u0142asnego&nbsp;Centrum Rozwoju Przemys\u0142\u00f3w Kreatywnych:Rozw\u00f3j Sektor\u00f3w KreatywnychZobacz Plakat Informacyjny<\/p>\n","protected":false},"author":1,"featured_media":0,"parent":0,"menu_order":3,"comment_status":"closed","ping_status":"closed","template":"","meta":{"_acf_changed":false,"footnotes":""},"class_list":["post-1058","page","type-page","status-publish","hentry"],"acf":[],"_links":{"self":[{"href":"https:\/\/futurefragments.online\/index.php\/wp-json\/wp\/v2\/pages\/1058","targetHints":{"allow":["GET"]}}],"collection":[{"href":"https:\/\/futurefragments.online\/index.php\/wp-json\/wp\/v2\/pages"}],"about":[{"href":"https:\/\/futurefragments.online\/index.php\/wp-json\/wp\/v2\/types\/page"}],"author":[{"embeddable":true,"href":"https:\/\/futurefragments.online\/index.php\/wp-json\/wp\/v2\/users\/1"}],"replies":[{"embeddable":true,"href":"https:\/\/futurefragments.online\/index.php\/wp-json\/wp\/v2\/comments?post=1058"}],"version-history":[{"count":6,"href":"https:\/\/futurefragments.online\/index.php\/wp-json\/wp\/v2\/pages\/1058\/revisions"}],"predecessor-version":[{"id":1082,"href":"https:\/\/futurefragments.online\/index.php\/wp-json\/wp\/v2\/pages\/1058\/revisions\/1082"}],"wp:attachment":[{"href":"https:\/\/futurefragments.online\/index.php\/wp-json\/wp\/v2\/media?parent=1058"}],"curies":[{"name":"wp","href":"https:\/\/api.w.org\/{rel}","templated":true}]}}